{"id":2,"date":"2021-03-24T08:54:00","date_gmt":"2021-03-24T08:54:00","guid":{"rendered":"http:\/\/virutasdeilusion.com\/blog\/?page_id=2"},"modified":"2026-03-24T10:20:16","modified_gmt":"2026-03-24T10:20:16","slug":"pagina-ejemplo","status":"publish","type":"page","link":"https:\/\/virutasdeilusion.com\/blog\/?page_id=2","title":{"rendered":"Asociaci\u00f3n Virutas De ilusi\u00f3n"},"content":{"rendered":"\n<h2 class=\"wp-block-heading\"><strong data-start=\"95\" data-end=\"141\">Virutas de Ilusi\u00f3n | Pasi\u00f3n por el Torneado<\/strong><\/h2>\n\n\n\n<p><strong data-start=\"145\" data-end=\"167\">Virutas de Ilusi\u00f3n<\/strong> naci\u00f3 del entusiasmo de cuatro amigos apasionados por el torneado. La idea comenz\u00f3 a gestarse en 2019, pero fue en 2020, en plena pandemia del coronavirus, cuando la asociaci\u00f3n fue inscrita oficialmente. Desde entonces, nuestro objetivo ha sido claro: dar a conocer y compartir el arte del torneado con todos aquellos que quieran aprender y perfeccionar sus habilidades.<\/p>\n\n\n\n<h3 class=\"wp-block-heading\"><strong data-start=\"546\" data-end=\"588\">\u00bfQu\u00e9 encontrar\u00e1s en nuestra comunidad?<\/strong><\/h3>\n\n\n\n<p>\u2705 <strong data-start=\"594\" data-end=\"619\">Cursos especializados<\/strong> para todos los niveles en nuestra p\u00e1gina web.<br data-start=\"665\" data-end=\"668\">\u2705 <strong data-start=\"670\" data-end=\"696\">Demostraciones en vivo<\/strong> donde podr\u00e1s ver las t\u00e9cnicas en acci\u00f3n.<br data-start=\"737\" data-end=\"740\">\u2705 <strong data-start=\"742\" data-end=\"758\">Exposiciones<\/strong> para descubrir la creatividad y precisi\u00f3n del torneado.<br data-start=\"814\" data-end=\"817\">\u2705 <strong data-start=\"819\" data-end=\"863\">Un espacio de aprendizaje y colaboraci\u00f3n<\/strong> para compartir experiencias con otros apasionados.<\/p>\n\n\n\n<p>Si el torneado es tu pasi\u00f3n o quieres descubrir este fascinante mundo, <strong data-start=\"989\" data-end=\"1011\">Virutas de Ilusi\u00f3n<\/strong> es el lugar perfecto para ti.<\/p>\n\n\n\n<p>\ud83d\udccc <strong data-start=\"1048\" data-end=\"1116\">Explora nuestro blog y \u00fanete a nuestra comunidad. \u00a1Te esperamos!<\/strong><\/p>\n","protected":false},"excerpt":{"rendered":"<p>Virutas de Ilusi\u00f3n | Pasi\u00f3n por el Torneado Virutas de Ilusi\u00f3n naci\u00f3 del entusiasmo de cuatro amigos apasionados por el torneado. La idea comenz\u00f3 a &hellip; <\/p>\n","protected":false},"author":3,"featured_media":0,"parent":0,"menu_order":0,"comment_status":"closed","ping_status":"open","template":"","meta":{"footnotes":""},"class_list":["post-2","page","type-page","status-publish","hentry"],"_links":{"self":[{"href":"https:\/\/virutasdeilusion.com\/blog\/index.php?rest_route=\/wp\/v2\/pages\/2","targetHints":{"allow":["GET"]}}],"collection":[{"href":"https:\/\/virutasdeilusion.com\/blog\/index.php?rest_route=\/wp\/v2\/pages"}],"about":[{"href":"https:\/\/virutasdeilusion.com\/blog\/index.php?rest_route=\/wp\/v2\/types\/page"}],"author":[{"embeddable":true,"href":"https:\/\/virutasdeilusion.com\/blog\/index.php?rest_route=\/wp\/v2\/users\/3"}],"replies":[{"embeddable":true,"href":"https:\/\/virutasdeilusion.com\/blog\/index.php?rest_route=%2Fwp%2Fv2%2Fcomments&post=2"}],"version-history":[{"count":7,"href":"https:\/\/virutasdeilusion.com\/blog\/index.php?rest_route=\/wp\/v2\/pages\/2\/revisions"}],"predecessor-version":[{"id":310,"href":"https:\/\/virutasdeilusion.com\/blog\/index.php?rest_route=\/wp\/v2\/pages\/2\/revisions\/310"}],"wp:attachment":[{"href":"https:\/\/virutasdeilusion.com\/blog\/index.php?rest_route=%2Fwp%2Fv2%2Fmedia&parent=2"}],"curies":[{"name":"wp","href":"https:\/\/api.w.org\/{rel}","templated":true}]}}